{"id":5540,"date":"2019-02-24T06:00:26","date_gmt":"2019-02-24T06:00:26","guid":{"rendered":"http:\/\/ninzio.com\/bauer\/?post_type=product&#038;p=5540"},"modified":"2026-04-10T19:04:07","modified_gmt":"2026-04-10T19:04:07","slug":"husqvarna-k970-400mm-94cc-demolition-saw","status":"publish","type":"product","link":"https:\/\/sprinkmath.com\/en\/product\/husqvarna-k970-400mm-94cc-demolition-saw\/","title":{"rendered":"Libro \u00abIngenier\u00eda Humana en Protecci\u00f3n Contra Incendios\u00bb"},"content":{"rendered":"<p>Libro donde revelo algunas de las an\u00e9cdotas que he vivido a lo largo de los a\u00f1os en el mundo de la protecci\u00f3n contra incendios&#8230;. No s\u00f3lo son an\u00f1ecdotas, son consejos para ti!!!<\/p>","protected":false},"excerpt":{"rendered":"<p>Libro donde revelo algunas de las an\u00e9cdotas que he vivido a lo largo de los a\u00f1os en el mundo de la protecci\u00f3n contra incendios&#8230;. No s\u00f3lo son an\u00e9cdotas, son consejos para ti!!!<\/p>","protected":false},"featured_media":10006,"comment_status":"open","ping_status":"closed","template":"","meta":{"_joinchat":{"telephone":"+34656493016"}},"product_brand":[],"product_cat":[20,68],"product_tag":[66],"yst_prominent_words":[],"class_list":{"0":"post-5540","1":"product","2":"type-product","3":"status-publish","4":"has-post-thumbnail","6":"product_cat-uncategorized","7":"product_cat-ingenieria-pci","8":"product_tag-ingenieria","10":"first","11":"instock","12":"sale","13":"downloadable","14":"virtual","15":"sold-individually","16":"taxable","17":"purchasable","18":"product-type-simple"},"yoast_head":"<!-- This site is optimized with the Yoast SEO Premium plugin v14.4.1 - https:\/\/yoast.com\/wordpress\/plugins\/seo\/ -->\n<title>Libro &quot;Ingenier\u00eda Humana en Protecci\u00f3n Contra Incendios&quot; - sprinkmath<\/title>\n<meta name=\"robots\" content=\"index, follow\" \/>\n<meta name=\"googlebot\" content=\"index, follow, max-snippet:-1, max-image-preview:large, max-video-preview:-1\" \/>\n<meta name=\"bingbot\" content=\"index, follow, max-snippet:-1, max-image-preview:large, max-video-preview:-1\" \/>\n<link rel=\"canonical\" href=\"https:\/\/sprinkmath.com\/en\/product\/husqvarna-k970-400mm-94cc-demolition-saw\/\" \/>\n<meta property=\"og:locale\" content=\"en_US\" \/>\n<meta property=\"og:type\" content=\"article\" \/>\n<meta property=\"og:title\" content=\"Libro &quot;Ingenier\u00eda Humana en Protecci\u00f3n Contra Incendios&quot; - sprinkmath\" \/>\n<meta property=\"og:description\" content=\"Libro donde revelo algunas de las an\u00e9cdotas que he vivido a lo largo de los a\u00f1os en el mundo de la protecci\u00f3n contra incendios.... No s\u00f3lo son an\u00e9cdotas, son consejos para ti!!!\" \/>\n<meta property=\"og:url\" content=\"https:\/\/sprinkmath.com\/en\/product\/husqvarna-k970-400mm-94cc-demolition-saw\/\" \/>\n<meta property=\"og:site_name\" content=\"sprinkmath\" \/>\n<meta property=\"article:modified_time\" content=\"2026-04-10T19:04:07+00:00\" \/>\n<meta property=\"og:image\" content=\"https:\/\/sprinkmath.com\/wp-content\/uploads\/2019\/02\/Portada-683x1024.png\" \/>\n\t<meta property=\"og:image:width\" content=\"683\" \/>\n\t<meta property=\"og:image:height\" content=\"1024\" \/>\n<meta name=\"twitter:card\" content=\"summary_large_image\" \/>\n<script type=\"application\/ld+json\" class=\"yoast-schema-graph\">{\"@context\":\"https:\/\/schema.org\",\"@graph\":[{\"@type\":\"WebSite\",\"@id\":\"https:\/\/sprinkmath.com\/en\/#website\",\"url\":\"https:\/\/sprinkmath.com\/en\/\",\"name\":\"sprinkmath\",\"description\":\"Ingenier\\u00eda de prevenci\\u00f3n\",\"potentialAction\":[{\"@type\":\"SearchAction\",\"target\":\"https:\/\/sprinkmath.com\/en\/?s={search_term_string}\",\"query-input\":\"required name=search_term_string\"}],\"inLanguage\":\"en-US\"},{\"@type\":\"ImageObject\",\"@id\":\"https:\/\/sprinkmath.com\/producto\/husqvarna-k970-400mm-94cc-demolition-saw\/#primaryimage\",\"inLanguage\":\"en-US\",\"url\":\"https:\/\/sprinkmath.com\/wp-content\/uploads\/2019\/02\/Portada.png\",\"width\":1024,\"height\":1536},{\"@type\":\"WebPage\",\"@id\":\"https:\/\/sprinkmath.com\/producto\/husqvarna-k970-400mm-94cc-demolition-saw\/#webpage\",\"url\":\"https:\/\/sprinkmath.com\/producto\/husqvarna-k970-400mm-94cc-demolition-saw\/\",\"name\":\"Libro \\\"Ingenier\\u00eda Humana en Protecci\\u00f3n Contra Incendios\\\" - sprinkmath\",\"isPartOf\":{\"@id\":\"https:\/\/sprinkmath.com\/en\/#website\"},\"primaryImageOfPage\":{\"@id\":\"https:\/\/sprinkmath.com\/producto\/husqvarna-k970-400mm-94cc-demolition-saw\/#primaryimage\"},\"datePublished\":\"2019-02-24T06:00:26+00:00\",\"dateModified\":\"2026-04-10T19:04:07+00:00\",\"inLanguage\":\"en-US\",\"potentialAction\":[{\"@type\":\"ReadAction\",\"target\":[\"https:\/\/sprinkmath.com\/producto\/husqvarna-k970-400mm-94cc-demolition-saw\/\"]}]}]}<\/script>\n<!-- \/ Yoast SEO Premium plugin. -->","_links":{"self":[{"href":"https:\/\/sprinkmath.com\/en\/wp-json\/wp\/v2\/product\/5540","targetHints":{"allow":["GET"]}}],"collection":[{"href":"https:\/\/sprinkmath.com\/en\/wp-json\/wp\/v2\/product"}],"about":[{"href":"https:\/\/sprinkmath.com\/en\/wp-json\/wp\/v2\/types\/product"}],"replies":[{"embeddable":true,"href":"https:\/\/sprinkmath.com\/en\/wp-json\/wp\/v2\/comments?post=5540"}],"wp:featuredmedia":[{"embeddable":true,"href":"https:\/\/sprinkmath.com\/en\/wp-json\/wp\/v2\/media\/10006"}],"wp:attachment":[{"href":"https:\/\/sprinkmath.com\/en\/wp-json\/wp\/v2\/media?parent=5540"}],"wp:term":[{"taxonomy":"product_brand","embeddable":true,"href":"https:\/\/sprinkmath.com\/en\/wp-json\/wp\/v2\/product_brand?post=5540"},{"taxonomy":"product_cat","embeddable":true,"href":"https:\/\/sprinkmath.com\/en\/wp-json\/wp\/v2\/product_cat?post=5540"},{"taxonomy":"product_tag","embeddable":true,"href":"https:\/\/sprinkmath.com\/en\/wp-json\/wp\/v2\/product_tag?post=5540"},{"taxonomy":"yst_prominent_words","embeddable":true,"href":"https:\/\/sprinkmath.com\/en\/wp-json\/wp\/v2\/yst_prominent_words?post=5540"}],"curies":[{"name":"wp","href":"https:\/\/api.w.org\/{rel}","templated":true}]}}