{"id":10063,"date":"2025-12-05T21:22:40","date_gmt":"2025-12-05T21:22:40","guid":{"rendered":"https:\/\/sprinkmath.com\/?post_type=product&#038;p=10063"},"modified":"2026-04-10T18:54:51","modified_gmt":"2026-04-10T18:54:51","slug":"check-list-cuartos-electricos-segun-nfpa","status":"publish","type":"product","link":"https:\/\/sprinkmath.com\/en\/product\/check-list-cuartos-electricos-segun-nfpa\/","title":{"rendered":"Check List Cuartos Electricos seg\u00fan NFPA"},"content":{"rendered":"<p>Lista de verificaci\u00f3n b\u00e1sica para t\u00e9cnicos y profesionales, donde se describen las tareas principales para inspeccionar salas el\u00e9ctricas en entornos industriales, miner\u00eda e industria del Oil and Gas.<\/p>","protected":false},"excerpt":{"rendered":"<p>Lista de verificaci\u00f3n b\u00e1sica para t\u00e9cnicos y profesionales, donde se describen las tareas principales para inspeccionar salas el\u00e9ctricas en entornos industriales, miner\u00eda e industria del Oil and Gas.<\/p>","protected":false},"featured_media":10067,"comment_status":"open","ping_status":"closed","template":"","meta":{"_joinchat":[]},"product_brand":[],"product_cat":[20,68],"product_tag":[66,67],"yst_prominent_words":[],"class_list":{"0":"post-10063","1":"product","2":"type-product","3":"status-publish","4":"has-post-thumbnail","6":"product_cat-uncategorized","7":"product_cat-ingenieria-pci","8":"product_tag-ingenieria","9":"product_tag-nfpa","11":"first","12":"instock","13":"sale","14":"downloadable","15":"taxable","16":"shipping-taxable","17":"purchasable","18":"product-type-simple"},"yoast_head":"<!-- This site is optimized with the Yoast SEO Premium plugin v14.4.1 - https:\/\/yoast.com\/wordpress\/plugins\/seo\/ -->\n<title>Check List Cuartos Electricos seg\u00fan NFPA - sprinkmath<\/title>\n<meta name=\"robots\" content=\"index, follow\" \/>\n<meta name=\"googlebot\" content=\"index, follow, max-snippet:-1, max-image-preview:large, max-video-preview:-1\" \/>\n<meta name=\"bingbot\" content=\"index, follow, max-snippet:-1, max-image-preview:large, max-video-preview:-1\" \/>\n<link rel=\"canonical\" href=\"https:\/\/sprinkmath.com\/en\/product\/check-list-cuartos-electricos-segun-nfpa\/\" \/>\n<meta property=\"og:locale\" content=\"en_US\" \/>\n<meta property=\"og:type\" content=\"article\" \/>\n<meta property=\"og:title\" content=\"Check List Cuartos Electricos seg\u00fan NFPA - sprinkmath\" \/>\n<meta property=\"og:description\" content=\"Lista de verificaci\u00f3n b\u00e1sica para t\u00e9cnicos y profesionales, donde se describen las tareas principales para inspeccionar salas el\u00e9ctricas en entornos industriales, miner\u00eda e industria del Oil and Gas.\" \/>\n<meta property=\"og:url\" content=\"https:\/\/sprinkmath.com\/en\/product\/check-list-cuartos-electricos-segun-nfpa\/\" \/>\n<meta property=\"og:site_name\" content=\"sprinkmath\" \/>\n<meta property=\"article:modified_time\" content=\"2026-04-10T18:54:51+00:00\" \/>\n<meta property=\"og:image\" content=\"https:\/\/sprinkmath.com\/wp-content\/uploads\/2025\/12\/ChatGPT-Image-Dec-5-2025-10_09_10-PM.png\" \/>\n\t<meta property=\"og:image:width\" content=\"1024\" \/>\n\t<meta property=\"og:image:height\" content=\"1536\" \/>\n<meta name=\"twitter:card\" content=\"summary_large_image\" \/>\n<script type=\"application\/ld+json\" class=\"yoast-schema-graph\">{\"@context\":\"https:\/\/schema.org\",\"@graph\":[{\"@type\":\"WebSite\",\"@id\":\"https:\/\/sprinkmath.com\/en\/#website\",\"url\":\"https:\/\/sprinkmath.com\/en\/\",\"name\":\"sprinkmath\",\"description\":\"Ingenier\\u00eda de prevenci\\u00f3n\",\"potentialAction\":[{\"@type\":\"SearchAction\",\"target\":\"https:\/\/sprinkmath.com\/en\/?s={search_term_string}\",\"query-input\":\"required name=search_term_string\"}],\"inLanguage\":\"en-US\"},{\"@type\":\"ImageObject\",\"@id\":\"https:\/\/sprinkmath.com\/producto\/check-list-cuartos-electricos-segun-nfpa\/#primaryimage\",\"inLanguage\":\"en-US\",\"url\":\"https:\/\/sprinkmath.com\/wp-content\/uploads\/2025\/12\/ChatGPT-Image-Dec-5-2025-10_09_10-PM.png\",\"width\":1024,\"height\":1536},{\"@type\":\"WebPage\",\"@id\":\"https:\/\/sprinkmath.com\/producto\/check-list-cuartos-electricos-segun-nfpa\/#webpage\",\"url\":\"https:\/\/sprinkmath.com\/producto\/check-list-cuartos-electricos-segun-nfpa\/\",\"name\":\"Check List Cuartos Electricos seg\\u00fan NFPA - sprinkmath\",\"isPartOf\":{\"@id\":\"https:\/\/sprinkmath.com\/en\/#website\"},\"primaryImageOfPage\":{\"@id\":\"https:\/\/sprinkmath.com\/producto\/check-list-cuartos-electricos-segun-nfpa\/#primaryimage\"},\"datePublished\":\"2025-12-05T21:22:40+00:00\",\"dateModified\":\"2026-04-10T18:54:51+00:00\",\"inLanguage\":\"en-US\",\"potentialAction\":[{\"@type\":\"ReadAction\",\"target\":[\"https:\/\/sprinkmath.com\/producto\/check-list-cuartos-electricos-segun-nfpa\/\"]}]}]}<\/script>\n<!-- \/ Yoast SEO Premium plugin. -->","_links":{"self":[{"href":"https:\/\/sprinkmath.com\/en\/wp-json\/wp\/v2\/product\/10063","targetHints":{"allow":["GET"]}}],"collection":[{"href":"https:\/\/sprinkmath.com\/en\/wp-json\/wp\/v2\/product"}],"about":[{"href":"https:\/\/sprinkmath.com\/en\/wp-json\/wp\/v2\/types\/product"}],"replies":[{"embeddable":true,"href":"https:\/\/sprinkmath.com\/en\/wp-json\/wp\/v2\/comments?post=10063"}],"wp:featuredmedia":[{"embeddable":true,"href":"https:\/\/sprinkmath.com\/en\/wp-json\/wp\/v2\/media\/10067"}],"wp:attachment":[{"href":"https:\/\/sprinkmath.com\/en\/wp-json\/wp\/v2\/media?parent=10063"}],"wp:term":[{"taxonomy":"product_brand","embeddable":true,"href":"https:\/\/sprinkmath.com\/en\/wp-json\/wp\/v2\/product_brand?post=10063"},{"taxonomy":"product_cat","embeddable":true,"href":"https:\/\/sprinkmath.com\/en\/wp-json\/wp\/v2\/product_cat?post=10063"},{"taxonomy":"product_tag","embeddable":true,"href":"https:\/\/sprinkmath.com\/en\/wp-json\/wp\/v2\/product_tag?post=10063"},{"taxonomy":"yst_prominent_words","embeddable":true,"href":"https:\/\/sprinkmath.com\/en\/wp-json\/wp\/v2\/yst_prominent_words?post=10063"}],"curies":[{"name":"wp","href":"https:\/\/api.w.org\/{rel}","templated":true}]}}