{"id":9986,"date":"2025-06-24T17:30:35","date_gmt":"2025-06-24T17:30:35","guid":{"rendered":"https:\/\/sprinkmath.com\/?page_id=9986"},"modified":"2025-06-24T17:30:36","modified_gmt":"2025-06-24T17:30:36","slug":"calculadora-de-extintores","status":"publish","type":"page","link":"https:\/\/sprinkmath.com\/en\/calculadora-de-extintores\/","title":{"rendered":"Calculadora de Extintores"},"content":{"rendered":"<pre class=\"wp-block-preformatted\"><\/pre>\n\n\n\n<!DOCTYPE html>\n<html lang=\"es\">\n<head>\n    <meta charset=\"UTF-8\">\n    <meta name=\"viewport\" content=\"width=device-width, initial-scale=1.0\">\n    <title>Calculadora de Extintores &#8211; SprinkMath<\/title>\n    <style>\n        * {\n            margin: 0;\n            padding: 0;\n            box-sizing: border-box;\n        }\n\n        body {\n            font-family: 'Open Sans', 'Segoe UI', Tahoma, Geneva, Verdana, sans-serif;\n            background: #f8f9fa;\n            min-height: 100vh;\n            padding: 20px;\n            color: #2c3e50;\n        }\n\n        .container {\n            max-width: 1200px;\n            margin: 0 auto;\n            background: white;\n            border-radius: 8px;\n            box-shadow: 0 4px 20px rgba(0,0,0,0.08);\n            overflow: hidden;\n        }\n\n        .header {\n            background: linear-gradient(135deg, #1e3c72, #2a5298);\n            color: white;\n            padding: 40px 30px;\n            text-align: center;\n            position: relative;\n        }\n\n        .header::before {\n            content: '';\n            position: absolute;\n            top: 0;\n            left: 0;\n            right: 0;\n            bottom: 0;\n            background: url('data:image\/svg+xml,<svg xmlns=\"http:\/\/www.w3.org\/2000\/svg\" viewBox=\"0 0 100 100\"><defs><pattern id=\"grid\" width=\"10\" height=\"10\" patternUnits=\"userSpaceOnUse\"><path d=\"M 10 0 L 0 0 0 10\" fill=\"none\" stroke=\"rgba(255,255,255,0.1)\" stroke-width=\"0.5\"\/><\/pattern><\/defs><rect width=\"100\" height=\"100\" fill=\"url(%23grid)\"\/><\/svg>');\n            opacity: 0.3;\n        }\n\n        .header-content {\n            position: relative;\n            z-index: 1;\n        }\n\n        .header h1 {\n            font-size: 2.2em;\n            margin-bottom: 10px;\n            font-weight: 600;\n        }\n\n        .header p {\n            font-size: 1.1em;\n            opacity: 0.9;\n            margin-bottom: 15px;\n        }\n\n        .brand {\n            font-size: 0.9em;\n            opacity: 0.8;\n            font-weight: 300;\n        }\n\n        .main-content {\n            display: grid;\n            grid-template-columns: 1fr 1fr;\n            gap: 0;\n        }\n\n        .input-section {\n            background: #f8f9fa;\n            padding: 40px 30px;\n            border-right: 1px solid #e9ecef;\n        }\n\n        .results-section {\n            background: white;\n            padding: 40px 30px;\n        }\n\n        .section-title {\n            font-size: 1.4em;\n            color: #1e3c72;\n            margin-bottom: 25px;\n            font-weight: 600;\n            display: flex;\n            align-items: center;\n            gap: 10px;\n        }\n\n        .form-group {\n            margin-bottom: 25px;\n        }\n\n        label {\n            display: block;\n            margin-bottom: 8px;\n            font-weight: 600;\n            color: #2c3e50;\n            font-size: 0.95em;\n        }\n\n        input, select {\n            width: 100%;\n            padding: 12px 15px;\n            border: 2px solid #e9ecef;\n            border-radius: 6px;\n            font-size: 15px;\n            transition: all 0.3s ease;\n            background: white;\n        }\n\n        input:focus, select:focus {\n            outline: none;\n            border-color: #2a5298;\n            box-shadow: 0 0 0 3px rgba(42, 82, 152, 0.1);\n        }\n\n        .calculate-btn {\n            width: 100%;\n            padding: 15px;\n            background: linear-gradient(135deg, #1e3c72, #2a5298);\n            color: white;\n            border: none;\n            border-radius: 6px;\n            font-size: 16px;\n            font-weight: 600;\n            cursor: pointer;\n            transition: all 0.3s ease;\n        }\n\n        .calculate-btn:hover {\n            transform: translateY(-1px);\n            box-shadow: 0 8px 25px rgba(42, 82, 152, 0.3);\n        }\n\n        .calculate-btn:active {\n            transform: translateY(0);\n        }\n\n        .result-card {\n            background: #f8f9fa;\n            padding: 25px;\n            border-radius: 8px;\n            margin-bottom: 20px;\n            border-left: 4px solid #2a5298;\n            transition: all 0.3s ease;\n        }\n\n        .result-card:hover {\n            box-shadow: 0 4px 15px rgba(0,0,0,0.1);\n        }\n\n        .result-title {\n            font-size: 1.1em;\n            color: #1e3c72;\n            margin-bottom: 12px;\n            font-weight: 600;\n            display: flex;\n            align-items: center;\n            gap: 8px;\n        }\n\n        .result-value {\n            font-size: 1.8em;\n            font-weight: 700;\n            color: #2c3e50;\n            margin-bottom: 12px;\n        }\n\n        .result-detail {\n            color: #6c757d;\n            line-height: 1.6;\n            font-size: 0.95em;\n        }\n\n        .nfpa-reference {\n            background: #2a5298;\n            color: white;\n            padding: 20px;\n            border-radius: 8px;\n            margin-top: 25px;\n            text-align: center;\n        }\n\n        .hazard-info {\n            background: #f39c12;\n            color: white;\n            padding: 12px 15px;\n            border-radius: 6px;\n            margin-top: 15px;\n            font-size: 0.9em;\n        }\n\n        .empty-state {\n            text-align: center;\n            color: #6c757d;\n            padding: 60px 20px;\n        }\n\n        .empty-state-icon {\n            font-size: 4em;\n            margin-bottom: 20px;\n            opacity: 0.5;\n        }\n\n        .footer-info {\n            background: #1e3c72;\n            color: white;\n            padding: 30px;\n            text-align: center;\n        }\n\n        .footer-info h3 {\n            margin-bottom: 15px;\n            font-size: 1.2em;\n        }\n\n        .footer-info p {\n            opacity: 0.9;\n            line-height: 1.6;\n        }\n\n        .footer-info a {\n            color: #87ceeb;\n            text-decoration: none;\n        }\n\n        @media (max-width: 768px) {\n            .main-content {\n                grid-template-columns: 1fr;\n            }\n            \n            .input-section {\n                border-right: none;\n                border-bottom: 1px solid #e9ecef;\n            }\n            \n            .header h1 {\n                font-size: 1.8em;\n            }\n            \n            .container {\n                margin: 10px;\n            }\n            \n            body {\n                padding: 10px;\n            }\n        }\n\n        .pro-badge {\n            background: linear-gradient(45deg, #ff6b6b, #ee5a24);\n            color: white;\n            padding: 4px 12px;\n            border-radius: 15px;\n            font-size: 0.8em;\n            font-weight: 600;\n            margin-left: 10px;\n        }\n    <\/style>\n<\/head>\n<body>\n    <div class=\"container\">\n        <div class=\"header\">\n            <div class=\"header-content\">\n                <h1>\ud83d\udd25 Calculadora de Extintores<\/h1>\n                <p>Herramienta profesional basada en est\u00e1ndares NFPA<\/p>\n                <div class=\"brand\">SprinkMath &#8211; Protecci\u00f3n Contra Incendios<\/div>\n            <\/div>\n        <\/div>\n\n        <div class=\"main-content\">\n            <div class=\"input-section\">\n                <h2 class=\"section-title\">\ud83d\udccb Datos del Proyecto<\/h2>\n                \n                <div class=\"form-group\">\n                    <label for=\"area\">\u00c1rea a proteger (m\u00b2) *<\/label>\n                    <input type=\"number\" id=\"area\" placeholder=\"Ej: 500\" min=\"1\">\n                <\/div>\n\n                <div class=\"form-group\">\n                    <label for=\"hazard\">Clasificaci\u00f3n de Riesgo NFPA *<\/label>\n                    <select id=\"hazard\">\n                        <option value=\"\">Selecciona el tipo de riesgo<\/option>\n                        <option value=\"light\">Riesgo Ligero (Oficinas, escuelas, hoteles)<\/option>\n                        <option value=\"ordinary-1\">Riesgo Ordinario Grupo 1 (Estacionamientos, restaurantes)<\/option>\n                        <option value=\"ordinary-2\">Riesgo Ordinario Grupo 2 (Talleres, bibliotecas)<\/option>\n                        <option value=\"extra-1\">Riesgo Extra Grupo 1 (Carpinter\u00edas, tintorer\u00edas)<\/option>\n                        <option value=\"extra-2\">Riesgo Extra Grupo 2 (Hangares, procesos qu\u00edmicos)<\/option>\n                    <\/select>\n                <\/div>\n\n                <div class=\"form-group\">\n                    <label for=\"fireClass\">Clase de Fuego Predominante *<\/label>\n                    <select id=\"fireClass\">\n                        <option value=\"\">Selecciona la clase de fuego<\/option>\n                        <option value=\"A\">Clase A &#8211; Materiales s\u00f3lidos ordinarios<\/option>\n                        <option value=\"B\">Clase B &#8211; L\u00edquidos inflamables<\/option>\n                        <option value=\"C\">Clase C &#8211; Equipos el\u00e9ctricos energizados<\/option>\n                        <option value=\"D\">Clase D &#8211; Metales combustibles<\/option>\n                        <option value=\"K\">Clase K &#8211; Aceites y grasas de cocina<\/option>\n                    <\/select>\n                <\/div>\n\n                <div class=\"form-group\">\n                    <label for=\"height\">Altura del techo (m)<\/label>\n                    <input type=\"number\" id=\"height\" placeholder=\"Ej: 3.5\" step=\"0.1\" min=\"2\">\n                <\/div>\n\n                <button class=\"calculate-btn\" onclick=\"calculateExtinguishers()\">\n                    \ud83e\uddee Calcular Extintores Requeridos\n                <\/button>\n            <\/div>\n\n            <div class=\"results-section\">\n                <h2 class=\"section-title\">\ud83d\udcca Resultados del C\u00e1lculo<\/h2>\n                <div id=\"results\">\n                    <div class=\"empty-state\">\n                        <div class=\"empty-state-icon\">\ud83e\uddef<\/div>\n                        <h3>Calculadora Lista<\/h3>\n                        <p>Completa los datos del proyecto en el panel izquierdo para obtener el c\u00e1lculo de extintores necesarios seg\u00fan NFPA 10.<\/p>\n                    <\/div>\n                <\/div>\n            <\/div>\n        <\/div>\n\n        <div class=\"footer-info\">\n            <h3>Herramienta Profesional de SprinkMath<\/h3>\n            <p>Esta calculadora est\u00e1 basada en los est\u00e1ndares NFPA 10 para extintores port\u00e1tiles. \n            Para m\u00e1s contenido t\u00e9cnico sobre protecci\u00f3n contra incendios, visita nuestro \n            <a href=\"https:\/\/www.youtube.com\/@sprinkmath\" target=\"_blank\">canal de YouTube<\/a>.<\/p>\n        <\/div>\n    <\/div>\n\n    <script>\n        function calculateExtinguishers() {\n            const area = parseFloat(document.getElementById('area').value);\n            const hazard = document.getElementById('hazard').value;\n            const fireClass = document.getElementById('fireClass').value;\n            const height = parseFloat(document.getElementById('height').value);\n\n            if (!area || !hazard || !fireClass) {\n                alert('\u26a0\ufe0f Por favor completa todos los campos obligatorios marcados con *');\n                return;\n            }\n\n            const results = performCalculations(area, hazard, fireClass, height);\n            displayResults(results);\n        }\n\n        function performCalculations(area, hazard, fireClass, height) {\n            let results = {};\n\n            \/\/ Definir par\u00e1metros seg\u00fan NFPA 10\n            const hazardParams = {\n                'light': { \n                    maxDistance: 23, \/\/ metros\n                    minRating: '2A',\n                    areaPerUnit: 278, \/\/ m\u00b2 por extintor 2A\n                    description: 'Riesgo Ligero',\n                    density: 0.065 \/\/ kg\/m\u00b2 m\u00ednimo\n                },\n                'ordinary-1': { \n                    maxDistance: 23,\n                    minRating: '2A',\n                    areaPerUnit: 278,\n                    description: 'Riesgo Ordinario Grupo 1',\n                    density: 0.065\n                },\n                'ordinary-2': { \n                    maxDistance: 23,\n                    minRating: '4A',\n                    areaPerUnit: 278,\n                    description: 'Riesgo Ordinario Grupo 2',\n                    density: 0.098\n                },\n                'extra-1': { \n                    maxDistance: 23,\n                    minRating: '6A',\n                    areaPerUnit: 186,\n                    description: 'Riesgo Extra Grupo 1',\n                    density: 0.16\n                },\n                'extra-2': { \n                    maxDistance: 23,\n                    minRating: '10A',\n                    areaPerUnit: 186,\n                    description: 'Riesgo Extra Grupo 2',\n                    density: 0.24\n                }\n            };\n\n            const params = hazardParams[hazard];\n            \n            \/\/ Calcular n\u00famero de extintores\n            const extinguishersNeeded = Math.ceil(area \/ params.areaPerUnit);\n            \n            \/\/ Calcular distancia m\u00e1xima de recorrido\n            const maxTravelDistance = params.maxDistance;\n            \n            \/\/ Recomendaciones por clase de fuego\n            const fireClassRecommendations = {\n                'A': {\n                    type: 'Polvo Qu\u00edmico Seco ABC',\n                    size: '4.5-9 kg',\n                    alternative: 'Agua presurizada',\n                    notes: 'Efectivo contra materiales s\u00f3lidos ordinarios como madera, papel, textiles'\n                },\n                'B': {\n                    type: 'Polvo Qu\u00edmico Seco BC o CO\u2082',\n                    size: '2.3-4.5 kg (PQS) \/ 2-5 kg (CO\u2082)',\n                    alternative: 'Espuma AFFF',\n                    notes: 'Para l\u00edquidos inflamables. NUNCA usar agua directamente'\n                },\n                'C': {\n                    type: 'CO\u2082 o Polvo Qu\u00edmico Seco',\n                    size: '2-5 kg (CO\u2082) \/ 2.3-4.5 kg (PQS)',\n                    alternative: 'Agente limpio (FM-200)',\n                    notes: 'Para equipos el\u00e9ctricos energizados. No conductivo'\n                },\n                'D': {\n                    type: 'Polvo Qu\u00edmico Especial Clase D',\n                    size: '13.6 kg t\u00edpico',\n                    alternative: 'Arena seca especial',\n                    notes: 'Agentes espec\u00edficos para metales combustibles (Mg, Na, K, Ti)'\n                },\n                'K': {\n                    type: 'Acetato de Potasio H\u00famedo',\n                    size: '2.8-5.7 L',\n                    alternative: 'Saponificaci\u00f3n qu\u00edmica',\n                    notes: 'Espec\u00edfico para aceites y grasas de cocina a alta temperatura'\n                }\n            };\n\n            results = {\n                quantity: extinguishersNeeded,\n                minRating: params.minRating,\n                maxDistance: maxTravelDistance,\n                hazardType: params.description,\n                fireClassInfo: fireClassRecommendations[fireClass],\n                area: area,\n                coverage: Math.round(area \/ extinguishersNeeded),\n                additionalNotes: generateAdditionalNotes(hazard, fireClass, height, params)\n            };\n\n            return results;\n        }\n\n        function generateAdditionalNotes(hazard, fireClass, height, params) {\n            let notes = [];\n            \n            if (height && height > 4) {\n                notes.push('\u26a0\ufe0f Techo alto detectado: Considerar sistemas de supresi\u00f3n fijos adicionales');\n            }\n            \n            if (hazard.includes('extra')) {\n                notes.push('\ud83d\udd25 Riesgo alto: Inspecciones mensuales obligatorias y mantenimiento semestral');\n            } else {\n                notes.push('\ud83d\udcc5 Inspecci\u00f3n mensual visual y mantenimiento anual profesional');\n            }\n            \n            if (fireClass === 'B' || fireClass === 'K') {\n                notes.push('\ud83d\udca7 CR\u00cdTICO: NO usar extintores base agua en esta clase de fuego');\n            }\n            \n            if (fireClass === 'C') {\n                notes.push('\u26a1 Desenergizar equipos cuando sea posible antes de aplicar agente extintor');\n            }\n            \n            notes.push('\ud83d\udccd Instalar entre 1.0-1.5m de altura, accesible y se\u00f1alizado');\n            notes.push('\ud83c\udff7\ufe0f Verificar etiquetas de inspecci\u00f3n y fechas de vencimiento');\n            \n            return notes;\n        }\n\n        function displayResults(results) {\n            const resultsDiv = document.getElementById('results');\n            \n            resultsDiv.innerHTML = `\n                <div class=\"result-card\">\n                    <div class=\"result-title\">\ud83e\uddef Extintores Requeridos<\/div>\n                    <div class=\"result-value\">${results.quantity} unidades<\/div>\n                    <div class=\"result-detail\">\n                        Rating m\u00ednimo: <strong>${results.minRating}<\/strong><br>\n                        Cobertura: ${results.coverage} m\u00b2 por extintor<br>\n                        Clasificaci\u00f3n: ${results.hazardType}\n                    <\/div>\n                <\/div>\n\n                <div class=\"result-card\">\n                    <div class=\"result-title\">\ud83d\udccf Distancia de Recorrido<\/div>\n                    <div class=\"result-value\">${results.maxDistance} metros<\/div>\n                    <div class=\"result-detail\">\n                        Distancia m\u00e1xima permitida desde cualquier punto hasta el extintor m\u00e1s cercano seg\u00fan NFPA 10\n                    <\/div>\n                <\/div>\n\n                <div class=\"result-card\">\n                    <div class=\"result-title\">\ud83d\udd25 Agente Extintor Recomendado<\/div>\n                    <div class=\"result-value\">${results.fireClassInfo.type}<\/div>\n                    <div class=\"result-detail\">\n                        <strong>Tama\u00f1o:<\/strong> ${results.fireClassInfo.size}<br>\n                        <strong>Alternativa:<\/strong> ${results.fireClassInfo.alternative}<br>\n                        <strong>Aplicaci\u00f3n:<\/strong> ${results.fireClassInfo.notes}\n                    <\/div>\n                <\/div>\n\n                <div class=\"result-card\">\n                    <div class=\"result-title\">\u26a0\ufe0f Consideraciones T\u00e9cnicas<\/div>\n                    <div class=\"result-detail\">\n                        ${results.additionalNotes.map(note => `\u2022 ${note}`).join('<br>')}\n                    <\/div>\n                <\/div>\n\n                <div class=\"nfpa-reference\">\n                    <strong>\ud83d\udccb Basado en NFPA 10<\/strong><br>\n                    Standard for Portable Fire Extinguishers<br>\n                    <em>C\u00e1lculo realizado por SprinkMath<\/em>\n                <\/div>\n            `;\n        }\n\n        \/\/ Animaci\u00f3n sutil al cargar\n        document.addEventListener('DOMContentLoaded', function() {\n            document.body.style.opacity = '0';\n            document.body.style.transition = 'opacity 0.5s ease';\n            setTimeout(() => {\n                document.body.style.opacity = '1';\n            }, 100);\n        });\n    <\/script>\n<\/body>\n<\/html>","protected":false},"excerpt":{"rendered":"<p>Calculadora de Extintores &#8211; SprinkMath \ud83d\udd25 Calculadora de Extintores Herramienta profesional basada en est\u00e1ndares NFPA SprinkMath &#8211; Protecci\u00f3n Contra Incendios \ud83d\udccb Datos del Proyecto \u00c1rea a proteger (m\u00b2) * Clasificaci\u00f3n de Riesgo NFPA * Selecciona el tipo de riesgoRiesgo Ligero (Oficinas, escuelas, hoteles)Riesgo Ordinario Grupo 1 (Estacionamientos, restaurantes)Riesgo Ordinario Grupo<\/p>","protected":false},"author":2,"featured_media":9506,"parent":0,"menu_order":0,"comment_status":"closed","ping_status":"closed","template":"","meta":{"_joinchat":[],"footnotes":""},"yst_prominent_words":[],"class_list":["post-9986","page","type-page","status-publish","has-post-thumbnail","hentry"],"yoast_head":"<!-- This site is optimized with the Yoast SEO Premium plugin v14.4.1 - https:\/\/yoast.com\/wordpress\/plugins\/seo\/ -->\n<title>Calculadora de Extintores - sprinkmath<\/title>\n<meta name=\"robots\" content=\"index, follow\" \/>\n<meta name=\"googlebot\" content=\"index, follow, max-snippet:-1, max-image-preview:large, max-video-preview:-1\" \/>\n<meta name=\"bingbot\" content=\"index, follow, max-snippet:-1, max-image-preview:large, max-video-preview:-1\" \/>\n<link rel=\"canonical\" href=\"https:\/\/sprinkmath.com\/en\/calculadora-de-extintores\/\" \/>\n<meta property=\"og:locale\" content=\"en_US\" \/>\n<meta property=\"og:type\" content=\"article\" \/>\n<meta property=\"og:title\" content=\"Calculadora de Extintores - sprinkmath\" \/>\n<meta property=\"og:description\" content=\"Calculadora de Extintores &#8211; SprinkMath \ud83d\udd25 Calculadora de Extintores Herramienta profesional basada en est\u00e1ndares NFPA SprinkMath &#8211; Protecci\u00f3n Contra Incendios \ud83d\udccb Datos del Proyecto \u00c1rea a proteger (m\u00b2) * Clasificaci\u00f3n de Riesgo NFPA * Selecciona el tipo de riesgoRiesgo Ligero (Oficinas, escuelas, hoteles)Riesgo Ordinario Grupo 1 (Estacionamientos, restaurantes)Riesgo Ordinario Grupo\" \/>\n<meta property=\"og:url\" content=\"https:\/\/sprinkmath.com\/en\/calculadora-de-extintores\/\" \/>\n<meta property=\"og:site_name\" content=\"sprinkmath\" \/>\n<meta property=\"article:modified_time\" content=\"2025-06-24T17:30:36+00:00\" \/>\n<meta name=\"twitter:card\" content=\"summary_large_image\" \/>\n<script type=\"application\/ld+json\" class=\"yoast-schema-graph\">{\"@context\":\"https:\/\/schema.org\",\"@graph\":[{\"@type\":\"WebSite\",\"@id\":\"https:\/\/sprinkmath.com\/en\/#website\",\"url\":\"https:\/\/sprinkmath.com\/en\/\",\"name\":\"sprinkmath\",\"description\":\"Ingenier\\u00eda de prevenci\\u00f3n\",\"potentialAction\":[{\"@type\":\"SearchAction\",\"target\":\"https:\/\/sprinkmath.com\/en\/?s={search_term_string}\",\"query-input\":\"required name=search_term_string\"}],\"inLanguage\":\"en-US\"},{\"@type\":\"ImageObject\",\"@id\":\"https:\/\/sprinkmath.com\/calculadora-de-extintores\/#primaryimage\",\"inLanguage\":\"en-US\",\"url\":\"https:\/\/sprinkmath.com\/wp-content\/uploads\/2021\/12\/prevencion-de-incendios.jpg\",\"width\":640,\"height\":420},{\"@type\":\"WebPage\",\"@id\":\"https:\/\/sprinkmath.com\/calculadora-de-extintores\/#webpage\",\"url\":\"https:\/\/sprinkmath.com\/calculadora-de-extintores\/\",\"name\":\"Calculadora de Extintores - sprinkmath\",\"isPartOf\":{\"@id\":\"https:\/\/sprinkmath.com\/en\/#website\"},\"primaryImageOfPage\":{\"@id\":\"https:\/\/sprinkmath.com\/calculadora-de-extintores\/#primaryimage\"},\"datePublished\":\"2025-06-24T17:30:35+00:00\",\"dateModified\":\"2025-06-24T17:30:36+00:00\",\"inLanguage\":\"en-US\",\"potentialAction\":[{\"@type\":\"ReadAction\",\"target\":[\"https:\/\/sprinkmath.com\/calculadora-de-extintores\/\"]}]}]}<\/script>\n<!-- \/ Yoast SEO Premium plugin. -->","_links":{"self":[{"href":"https:\/\/sprinkmath.com\/en\/wp-json\/wp\/v2\/pages\/9986","targetHints":{"allow":["GET"]}}],"collection":[{"href":"https:\/\/sprinkmath.com\/en\/wp-json\/wp\/v2\/pages"}],"about":[{"href":"https:\/\/sprinkmath.com\/en\/wp-json\/wp\/v2\/types\/page"}],"author":[{"embeddable":true,"href":"https:\/\/sprinkmath.com\/en\/wp-json\/wp\/v2\/users\/2"}],"replies":[{"embeddable":true,"href":"https:\/\/sprinkmath.com\/en\/wp-json\/wp\/v2\/comments?post=9986"}],"version-history":[{"count":4,"href":"https:\/\/sprinkmath.com\/en\/wp-json\/wp\/v2\/pages\/9986\/revisions"}],"predecessor-version":[{"id":9994,"href":"https:\/\/sprinkmath.com\/en\/wp-json\/wp\/v2\/pages\/9986\/revisions\/9994"}],"wp:featuredmedia":[{"embeddable":true,"href":"https:\/\/sprinkmath.com\/en\/wp-json\/wp\/v2\/media\/9506"}],"wp:attachment":[{"href":"https:\/\/sprinkmath.com\/en\/wp-json\/wp\/v2\/media?parent=9986"}],"wp:term":[{"taxonomy":"yst_prominent_words","embeddable":true,"href":"https:\/\/sprinkmath.com\/en\/wp-json\/wp\/v2\/yst_prominent_words?post=9986"}],"curies":[{"name":"wp","href":"https:\/\/api.w.org\/{rel}","templated":true}]}}