{"id":1326,"date":"2017-10-16T13:06:09","date_gmt":"2017-10-16T13:06:09","guid":{"rendered":"http:\/\/ninzio.com\/bauer\/?page_id=1326"},"modified":"2021-12-09T21:06:59","modified_gmt":"2021-12-09T21:06:59","slug":"servicios","status":"publish","type":"page","link":"https:\/\/sprinkmath.com\/en\/servicios\/","title":{"rendered":"Services"},"content":{"rendered":"<div class=\"vc-custom-col-spacing clearfix vc-col-spacing-30\"><section id=\"first-row\" class=\"wpb_row vc_row-fluid vc_custom_1558770248780 vc_row-has-fill row-content-position-Default\"><div class=\"bauer-container\"><div class=\"row-inner clearfix\"><div class=\"wpb_column vc_column_container vc_col-sm-12\"><div class=\"vc_column-inner\"><div class=\"wpb_wrapper\">\r\n\t<div class=\"bauer-spacer clearfix\" data-desktop=\"94\" data-mobi=\"60\" data-smobi=\"60\"><\/div><div class=\"bauer-single-heading clearfix text-center\" style=\"margin-bottom:24px;\"><span class=\"inner\"><span class=\"heading clearfix\" style=\"font-weight:600;color:#cacaca;font-size:16px;\">\r\n\t\tWE SHAPE YOUR IDEAS THINKING ABOUT SAFETY\r\n\t<\/span><\/span><\/div><h2 class=\"bauer-text clearfix text-center\" style=\"font-size:42px;line-height:50px;margin-bottom:30px;\"><p><span class=\"font-weight-300\">We offer consultancies and inspections in the world of <strong>fire prevention<\/strong><\/span><\/p>\n<\/h2><div class=\"bauer-text clearfix text-center\" style=\"font-size:18px;line-height:30px;color:#777777;max-width:710px;margin-left: auto; margin-right: auto;\"><p>We advise, design and implement products for industry and different business sectors.<\/p>\n<\/div>\r\n\t<div class=\"bauer-spacer clearfix\" data-desktop=\"70\" data-mobi=\"30\" data-smobi=\"30\"><\/div><div class=\"bauer-content-box clearfix\" ><div class=\"vc-custom-col-inner-spacing clearfix vc-col-inner-spacing-30\"><div class=\"wpb_row vc_inner vc_row-fluid\"><div class=\"wpb_column vc_column_container vc_col-sm-4\"><div class=\"vc_column-inner\"><div class=\"wpb_wrapper\"><div class=\"bauer-image-box clearfix style-2 text-center\" style=\"\" >\r\n        <div class=\"item\">\r\n            <div class=\"inner\">\r\n                <div class=\"thumb\" style=\"\"><img loading=\"lazy\" decoding=\"async\" width=\"450\" height=\"547\" src=\"https:\/\/sprinkmath.com\/wp-content\/uploads\/2019\/05\/service1-4.jpg\" class=\"attachment-full size-full\" alt=\"\" srcset=\"https:\/\/sprinkmath.com\/wp-content\/uploads\/2019\/05\/service1-4.jpg 450w, https:\/\/sprinkmath.com\/wp-content\/uploads\/2019\/05\/service1-4-247x300.jpg 247w\" sizes=\"auto, (max-width: 450px) 100vw, 450px\" \/> <\/div>\r\n                <div class=\"text-wrap\" style=\"\">\r\n                    <h3 class=\"title\" style=\"margin-bottom:17px;\">\r\n            Commitment\r\n        <\/h3> <div class=\"desc\" style=\"margin-bottom:27px;\">Offer advice and support for your project<\/div> <div class=\"url-wrap\">\r\n            <a href=\"https:\/\/sprinkmath.com\/en\/servicios\/\" target=\"_self\" class=\"bauer-links link-style-2 accent\" style=\"\">\r\n                <span class=\"text\">Read more<\/span>\r\n            <\/a>\r\n        <\/div>\r\n                <\/div>\r\n                \r\n            <\/div>\r\n        <\/div>\r\n    <\/div>\r\n\t<div class=\"bauer-spacer clearfix\" data-desktop=\"0\" data-mobi=\"30\" data-smobi=\"30\"><\/div><\/div><\/div><\/div><div class=\"wpb_column vc_column_container vc_col-sm-4\"><div class=\"vc_column-inner\"><div class=\"wpb_wrapper\"><div class=\"bauer-image-box clearfix style-2 text-center\" style=\"\" >\r\n        <div class=\"item\">\r\n            <div class=\"inner\">\r\n                <div class=\"thumb\" style=\"\"><img loading=\"lazy\" decoding=\"async\" width=\"450\" height=\"547\" src=\"https:\/\/sprinkmath.com\/wp-content\/uploads\/2019\/05\/service2-4.jpg\" class=\"attachment-full size-full\" alt=\"\" srcset=\"https:\/\/sprinkmath.com\/wp-content\/uploads\/2019\/05\/service2-4.jpg 450w, https:\/\/sprinkmath.com\/wp-content\/uploads\/2019\/05\/service2-4-247x300.jpg 247w\" sizes=\"auto, (max-width: 450px) 100vw, 450px\" \/> <\/div>\r\n                <div class=\"text-wrap\" style=\"\">\r\n                    <h3 class=\"title\" style=\"margin-bottom:17px;\">\r\n            Professionalism\r\n        <\/h3> <div class=\"desc\" style=\"margin-bottom:27px;\">We adjust to the dimensions of your project.<\/div> <div class=\"url-wrap\">\r\n            <a href=\"https:\/\/sprinkmath.com\/en\/nosotros\/\" target=\"_self\" class=\"bauer-links link-style-2 accent\" style=\"\">\r\n                <span class=\"text\">Read more<\/span>\r\n            <\/a>\r\n        <\/div>\r\n                <\/div>\r\n                \r\n            <\/div>\r\n        <\/div>\r\n    <\/div>\r\n\t<div class=\"bauer-spacer clearfix\" data-desktop=\"0\" data-mobi=\"30\" data-smobi=\"30\"><\/div><\/div><\/div><\/div><div class=\"wpb_column vc_column_container vc_col-sm-4\"><div class=\"vc_column-inner\"><div class=\"wpb_wrapper\"><div class=\"bauer-image-box clearfix style-2 text-center\" style=\"\" >\r\n        <div class=\"item\">\r\n            <div class=\"inner\">\r\n                <div class=\"thumb\" style=\"\"><img loading=\"lazy\" decoding=\"async\" width=\"450\" height=\"547\" src=\"https:\/\/sprinkmath.com\/wp-content\/uploads\/2019\/05\/service3-4.jpg\" class=\"attachment-full size-full\" alt=\"\" srcset=\"https:\/\/sprinkmath.com\/wp-content\/uploads\/2019\/05\/service3-4.jpg 450w, https:\/\/sprinkmath.com\/wp-content\/uploads\/2019\/05\/service3-4-247x300.jpg 247w\" sizes=\"auto, (max-width: 450px) 100vw, 450px\" \/> <\/div>\r\n                <div class=\"text-wrap\" style=\"\">\r\n                    <h3 class=\"title\" style=\"margin-bottom:17px;\">\r\n            Passion\r\n        <\/h3> <div class=\"desc\" style=\"margin-bottom:27px;\">Our quality standards are high because we love what we do.<\/div> <div class=\"url-wrap\">\r\n            <a href=\"https:\/\/sprinkmath.com\/en\/servicios\/\" target=\"_self\" class=\"bauer-links link-style-2 accent\" style=\"\">\r\n                <span class=\"text\">Read more<\/span>\r\n            <\/a>\r\n        <\/div>\r\n                <\/div>\r\n                \r\n            <\/div>\r\n        <\/div>\r\n    <\/div><\/div><\/div><\/div><\/div><\/div><\/div>\r\n\t<div class=\"bauer-spacer clearfix\" data-desktop=\"90\" data-mobi=\"40\" data-smobi=\"40\"><\/div>\r\n\t<div class=\"bauer-spacer clearfix\" data-desktop=\"100\" data-mobi=\"80\" data-smobi=\"80\"><\/div><\/div><\/div><\/div><\/div><\/div><\/section><\/div><div class=\"vc-custom-col-spacing clearfix vc-col-spacing-30 image-absolute\"><section class=\"wpb_row vc_row-fluid vc_custom_1638043612418 vc_row-has-fill row-content-position-Default\"><div class=\"bauer-container\"><div class=\"row-inner clearfix\"><div class=\"wpb_column vc_column_container vc_col-sm-12\"><div class=\"vc_column-inner\"><div class=\"wpb_wrapper\"><div class=\"bauer-content-box clearfix\" data-padding=\"55px 50px 50px 50px\" data-mobipadding=\"55px 50px 50px 50px\" data-margin=\"-100px 0px 0px 0px\" data-mobimargin=\"-100px 0px 0px 0px\" >\r\n\t\t<div class=\"inner ctb-1152846070\" style=\"background:url(https:\/\/sprinkmath.com\/wp-content\/uploads\/2019\/05\/counters-bg.jpg) center center no-repeat;background-size:cover;\"  data-background=\"\" data-rounded=\"5px\">\r\n\t\t\t<div class=\"bauer-grid-box clearfix grid4 border-dark v-30 h-15 no-border-wrap\" data-grid=\"4\" >\r\n\t\t<div class=\"bauer-counter clearfix style-2\" ><div class=\"inner\"><div class=\"left-wrap\" style=\"width:43%\"><div class=\"icon  accent\" style=\"font-size:50px; line-height: normal;line-height:40px;margin-right:20px;\"><i class=\"bauerico-plan\"><\/i><\/div><\/div><div class=\"right-wrap\" style=\"width:57%\"><h3 class=\"number-wrap\" style=\"color:#ffffff;font-weight:400;font-size:42px;\"><span class=\"prefix\" style=\"\"><\/span><span class=\"number\" data-speed=\"5000\" data-from=\"0\" data-to=\"230\"> 230<\/span><span class=\"suffix\" style=\"\">+<\/span><\/h3><\/div><\/div><h5 class=\"heading\" style=\"color:#ffffff;font-size:18px;margin-top:10px;\">\r\n\t\tInspections\r\n\t<\/h5><\/div><div class=\"bauer-counter clearfix style-2\" ><div class=\"inner\"><div class=\"left-wrap\" style=\"width:43%\"><div class=\"icon  accent\" style=\"font-size:50px; line-height: normal;line-height:40px;margin-right:20px;\"><i class=\"bauerico-helmet\"><\/i><\/div><\/div><div class=\"right-wrap\" style=\"width:57%\"><h3 class=\"number-wrap\" style=\"color:#ffffff;font-weight:400;font-size:42px;\"><span class=\"prefix\" style=\"\"><\/span><span class=\"number\" data-speed=\"5000\" data-from=\"0\" data-to=\"20\"> 20<\/span><span class=\"suffix\" style=\"\">+<\/span><\/h3><\/div><\/div><h5 class=\"heading\" style=\"color:#ffffff;font-size:18px;margin-top:10px;\">\r\n\t\tExplanatory videos\r\n\t<\/h5><\/div><div class=\"bauer-counter clearfix style-2\" ><div class=\"inner\"><div class=\"left-wrap\" style=\"width:43%\"><div class=\"icon  accent\" style=\"font-size:50px; line-height: normal;line-height:40px;margin-right:20px;\"><i class=\"bauerico-barrier-1\"><\/i><\/div><\/div><div class=\"right-wrap\" style=\"width:57%\"><h3 class=\"number-wrap\" style=\"color:#ffffff;font-weight:400;font-size:42px;\"><span class=\"prefix\" style=\"\"><\/span><span class=\"number\" data-speed=\"5000\" data-from=\"0\" data-to=\"20\"> 20<\/span><span class=\"suffix\" style=\"color:#ffffff;\">+<\/span><\/h3><\/div><\/div><h5 class=\"heading\" style=\"color:#ffffff;font-size:18px;margin-top:10px;\">\r\n\t\tLegal advisory\r\n\t<\/h5><\/div><div class=\"bauer-counter clearfix style-2\" ><div class=\"inner\"><div class=\"left-wrap\" style=\"width:43%\"><div class=\"icon  accent\" style=\"font-size:50px; line-height: normal;line-height:40px;margin-right:20px;\"><i class=\"bauerico-ruler\"><\/i><\/div><\/div><div class=\"right-wrap\" style=\"width:57%\"><h3 class=\"number-wrap\" style=\"color:#ffffff;font-weight:400;font-size:42px;\"><span class=\"prefix\" style=\"\"><\/span><span class=\"number\" data-speed=\"5000\" data-from=\"0\" data-to=\"10\"> 10<\/span><span class=\"suffix\" style=\"color:#ffffff;\">+<\/span><\/h3><\/div><\/div><h5 class=\"heading\" style=\"color:#ffffff;font-size:18px;margin-top:10px;\">\r\n\t\tYears of experience\r\n\t<\/h5><\/div>\n\r\n\t<\/div>\r\n\t\t<\/div>\r\n\t<\/div><\/div><\/div><\/div><\/div><\/div><div class=\"image-container\" style=\"bottom:0px;left:48%;transform:translate(-50%,0);\"><img decoding=\"async\" src=\"\" alt=\"Image\" data-no-translation-alt=\"\"><\/div><\/section><\/div><div class=\"vc-custom-col-spacing clearfix vc-col-spacing-30\"><section id=\"first-row\" class=\"wpb_row vc_row-fluid vc_custom_1558595409249 vc_row-has-fill row-content-position-Default\"><div class=\"bauer-container\"><div class=\"row-inner clearfix\"><div class=\"wpb_column vc_column_container vc_col-sm-12\"><div class=\"vc_column-inner\"><div class=\"wpb_wrapper\">\r\n\t<div class=\"bauer-spacer clearfix\" data-desktop=\"100\" data-mobi=\"80\" data-smobi=\"80\"><\/div><div class=\"bauer-content-box clearfix\" ><div class=\"vc-custom-col-inner-spacing clearfix vc-col-inner-spacing-30\"><div class=\"wpb_row vc_inner vc_row-fluid\"><div class=\"wpb_column vc_column_container vc_col-sm-4\"><div class=\"vc_column-inner\"><div class=\"wpb_wrapper\"><div class=\"bauer-icon-box clearfix icon-top align-center hover-style-1 simple\" style=\"background-color:#f7f9fa;padding:34px 25px 27px;border-radius:5px;border:1px solid #e7e7e7;\" ><div class=\"hover\" style=\"border-radius:5px;background-color:#030f27;\"><\/div><div class=\"wrap-inner\" style=\"position: relative;\"><div class=\"bauer-icon icon-356550064 accent custom\"  data-background=\"\">\r\n\t\t\t\t<span class=\"icon\" style=\"font-size:50px;width:50px;height:50px;border-style:solid;line-height:50px;\"><i class=\"bauerico-building\"><\/i><\/span>\r\n\t\t\t<\/div> <h3 class=\"heading\" style=\"font-size:20px;line-height:24px;margin-top:22px;margin-bottom:12px;\">\r\n\t\t\t<span>Inspections<br \/>\nof works<\/span>\r\n\t\t<\/h3><div class=\"desc\" style=\"\"><p>From the facilities of a project.<\/p>\n<\/div> <div class=\"hover\" style=\"border-radius:5px;background-color:#030f27;\"><\/div><\/div><\/div>\r\n\t<div class=\"bauer-spacer clearfix\" data-desktop=\"30\" data-mobi=\"30\" data-smobi=\"30\"><\/div><div class=\"bauer-icon-box clearfix icon-top align-center hover-style-1 simple\" style=\"background-color:#f7f9fa;padding:34px 25px 27px;border-radius:5px;border:1px solid #e7e7e7;\" ><div class=\"hover\" style=\"border-radius:5px;background-color:#030f27;\"><\/div><div class=\"wrap-inner\" style=\"position: relative;\"><div class=\"bauer-icon icon-1927188484 accent custom\"  data-background=\"\">\r\n\t\t\t\t<span class=\"icon\" style=\"font-size:50px;width:50px;height:50px;border-style:solid;line-height:50px;\"><i class=\"bauerico-crane-truck\"><\/i><\/span>\r\n\t\t\t<\/div> <h3 class=\"heading\" style=\"font-size:20px;line-height:24px;margin-top:22px;margin-bottom:12px;\">\r\n\t\t\t<span>Civil<br \/>\nEngineering<\/span>\r\n\t\t<\/h3><div class=\"desc\" style=\"\"><p>Design of anti seismic supports.<\/p>\n<\/div> <div class=\"hover\" style=\"border-radius:5px;background-color:#030f27;\"><\/div><\/div><\/div>\r\n\t<div class=\"bauer-spacer clearfix\" data-desktop=\"0\" data-mobi=\"30\" data-smobi=\"30\"><\/div><\/div><\/div><\/div><div class=\"wpb_column vc_column_container vc_col-sm-4\"><div class=\"vc_column-inner\"><div class=\"wpb_wrapper\"><div class=\"bauer-icon-box clearfix icon-top align-center hover-style-1 simple\" style=\"background-color:#f7f9fa;padding:34px 25px 27px;border-radius:5px;border:1px solid #e7e7e7;\" ><div class=\"hover\" style=\"border-radius:5px;background-color:#030f27;\"><\/div><div class=\"wrap-inner\" style=\"position: relative;\"><div class=\"bauer-icon icon-268416838 accent custom\"  data-background=\"\">\r\n\t\t\t\t<span class=\"icon\" style=\"font-size:50px;width:50px;height:50px;border-style:solid;line-height:50px;\"><i class=\"bauerico-plan\"><\/i><\/span>\r\n\t\t\t<\/div> <h3 class=\"heading\" style=\"font-size:20px;line-height:24px;margin-top:22px;margin-bottom:12px;\">\r\n\t\t\t<span>Drawings inspections<\/span>\r\n\t\t<\/h3><div class=\"desc\" style=\"\"><p>Necessary for the realization of your installations<\/p>\n<\/div> <div class=\"hover\" style=\"border-radius:5px;background-color:#030f27;\"><\/div><\/div><\/div>\r\n\t<div class=\"bauer-spacer clearfix\" data-desktop=\"30\" data-mobi=\"30\" data-smobi=\"30\"><\/div><div class=\"bauer-icon-box clearfix icon-top align-center hover-style-1 simple\" style=\"background-color:#f7f9fa;padding:34px 25px 27px;border-radius:5px;border:1px solid #e7e7e7;\" ><div class=\"hover\" style=\"border-radius:5px;background-color:#030f27;\"><\/div><div class=\"wrap-inner\" style=\"position: relative;\"><div class=\"bauer-icon icon-1247180649 accent custom\"  data-background=\"\">\r\n\t\t\t\t<span class=\"icon\" style=\"font-size:50px;width:50px;height:50px;border-style:solid;line-height:50px;\"><i class=\"bauerico-container\"><\/i><\/span>\r\n\t\t\t<\/div> <h3 class=\"heading\" style=\"font-size:20px;line-height:24px;margin-top:22px;margin-bottom:12px;\">\r\n\t\t\t<span>Legal<br \/>\nreview<\/span>\r\n\t\t<\/h3><div class=\"desc\" style=\"\"><p>Advice on the NFPA25 standard<\/p>\n<\/div> <div class=\"hover\" style=\"border-radius:5px;background-color:#030f27;\"><\/div><\/div><\/div>\r\n\t<div class=\"bauer-spacer clearfix\" data-desktop=\"0\" data-mobi=\"30\" data-smobi=\"30\"><\/div><\/div><\/div><\/div><div class=\"wpb_column vc_column_container vc_col-sm-4\"><div class=\"vc_column-inner\"><div class=\"wpb_wrapper\"><div class=\"bauer-icon-box clearfix icon-top align-center hover-style-1 simple\" style=\"background-color:#f7f9fa;padding:34px 25px 27px;border-radius:5px;border:1px solid #e7e7e7;\" ><div class=\"hover\" style=\"border-radius:5px;background-color:#030f27;\"><\/div><div class=\"wrap-inner\" style=\"position: relative;\"><div class=\"bauer-icon icon-1183322474 accent custom\"  data-background=\"\">\r\n\t\t\t\t<span class=\"icon\" style=\"font-size:50px;width:50px;height:50px;border-style:solid;line-height:50px;\"><i class=\"bauerico-barrier-1\"><\/i><\/span>\r\n\t\t\t<\/div> <h3 class=\"heading\" style=\"font-size:20px;line-height:24px;margin-top:22px;margin-bottom:12px;\">\r\n\t\t\t<span>Legal<br \/>\nreview<\/span>\r\n\t\t<\/h3><div class=\"desc\" style=\"\"><p>Verification of compliance with international standards<\/p>\n<\/div> <div class=\"hover\" style=\"border-radius:5px;background-color:#030f27;\"><\/div><\/div><\/div>\r\n\t<div class=\"bauer-spacer clearfix\" data-desktop=\"30\" data-mobi=\"30\" data-smobi=\"30\"><\/div><div class=\"bauer-icon-box clearfix icon-top align-center hover-style-1 simple\" style=\"background-color:#f7f9fa;padding:34px 25px 27px;border-radius:5px;border:1px solid #e7e7e7;\" ><div class=\"hover\" style=\"border-radius:5px;background-color:#030f27;\"><\/div><div class=\"wrap-inner\" style=\"position: relative;\"><div class=\"bauer-icon icon-611842495 accent custom\"  data-background=\"\">\r\n\t\t\t\t<span class=\"icon\" style=\"font-size:50px;width:50px;height:50px;border-style:solid;line-height:50px;\"><i class=\"bauerico-crane\"><\/i><\/span>\r\n\t\t\t<\/div> <h3 class=\"heading\" style=\"font-size:20px;line-height:24px;margin-top:22px;margin-bottom:12px;\">\r\n\t\t\t<span>Engineering and construction<\/span>\r\n\t\t<\/h3><div class=\"desc\" style=\"\"><p>Hydraulic calculations of fire fighting systems.<\/p>\n<\/div> <div class=\"hover\" style=\"border-radius:5px;background-color:#030f27;\"><\/div><\/div><\/div>\r\n\t<div class=\"bauer-spacer clearfix\" data-desktop=\"0\" data-mobi=\"30\" data-smobi=\"30\"><\/div><\/div><\/div><\/div><\/div><\/div><\/div>\r\n\t<div class=\"bauer-spacer clearfix\" data-desktop=\"100\" data-mobi=\"80\" data-smobi=\"80\"><\/div><\/div><\/div><\/div><\/div><\/div><\/section><\/div><div class=\"vc-custom-col-spacing clearfix vc-col-spacing-30\"><section class=\"wpb_row vc_row-fluid vc_custom_1638162187677 vc_row-has-fill row-content-position-Default\"><div class=\"bauer-container\"><div class=\"row-inner clearfix\"><div class=\"wpb_column vc_column_container vc_col-sm-12\"><div class=\"vc_column-inner\"><div class=\"wpb_wrapper\">\r\n\t<div class=\"bauer-spacer clearfix\" data-desktop=\"100\" data-mobi=\"60\" data-smobi=\"60\"><\/div><div class=\"bauer-content-box clearfix\" ><div class=\"vc-custom-col-inner-spacing clearfix vc-col-inner-spacing-100\"><div class=\"wpb_row vc_inner vc_row-fluid\"><div class=\"wpb_column vc_column_container vc_col-sm-6\"><div class=\"vc_column-inner\"><div class=\"wpb_wrapper\"><div class=\"bauer-content-box clearfix\" data-padding=\"47px 50px 94px 50px\" data-mobipadding=\"40px\" data-margin=\"\" data-mobimargin=\"\" >\r\n\t\t<div class=\"inner ctb-569780105\" style=\"\"  data-background=\"rgba(3,15,39,0.6)\" data-rounded=\"5px\" data-border-color=\"rgba(231,231,231,0.3)\" data-border-width=\"1px\">\r\n\t\t\t<h2 class=\"bauer-text clearfix\" style=\"font-size:42px;color:#f2f2f2;margin-bottom:8px;\"><p><span class=\"font-weight-300\">Keep in touch<br \/>\n<\/span><\/p>\n<\/h2><div class=\"bauer-text clearfix\" style=\"color:#f2f2f2;margin-bottom:25px;\"><p>If you have questions or ideas you'd like to share, send us a message.<\/p>\n<\/div><div class=\"bauer-text clearfix\" style=\"color:#f2f2f2;\"><p><span>Condell 1777, \u00d1u\u00f1oa, Regi\u00f3n Metropolitana de Santiago, Chile.<\/span><\/p>\n<\/div><div class=\"bauer-text clearfix\" style=\"color:#f2f2f2;\"><p><span class=\"font-weight-500 text-white\"><\/span><span class=\"font-weight-600\" style=\"color: #8a99c0;\"><span>+59 9 5438 2864<\/span><\/span><\/p>\n<\/div><div class=\"bauer-text clearfix\" style=\"color:#f2f2f2;\"><p><span class=\"font-weight-500 text-white\"><\/span><span class=\"font-weight-600 text-accent-color\"><span>info@sprinkmath.com<\/span><\/span><\/p>\n<\/div>\r\n\t\t<\/div>\r\n\t<\/div>\r\n\t<div class=\"bauer-spacer clearfix\" data-desktop=\"0\" data-mobi=\"40\" data-smobi=\"40\"><\/div><\/div><\/div><\/div><div class=\"wpb_column vc_column_container vc_col-sm-6\"><div class=\"vc_column-inner\"><div class=\"wpb_wrapper\"><div class=\"bauer-content-box clearfix\" data-padding=\"53px 35px 60px 35px\" data-mobipadding=\"50px 35px 50px 35px\" data-margin=\"\" data-mobimargin=\"\" >\r\n\t\t<div class=\"inner ctb-1134004226\" style=\"\"  data-background=\"#f7f9fa\" data-rounded=\"5px\" data-border-width=\"1px\">\r\n\t\t\t<div class=\"bauer-headings clearfix text-center\" data-font=\"22\" style=\"\"><h2 class=\"heading clearfix\" style=\"margin-bottom:15px;font-size:22px;\">\r\n\t\tLet's talk about your project\r\n\t<\/h2><\/div>\r\n\t<div class=\"bauer-spacer clearfix\" data-desktop=\"32\" data-mobi=\"32\" data-smobi=\"32\"><\/div>\n<div class=\"wpcf7 no-js\" id=\"wpcf7-f4437-o1\" lang=\"en-US\" dir=\"ltr\" data-wpcf7-id=\"4437\">\n<div class=\"screen-reader-response\"><p role=\"status\" aria-live=\"polite\" aria-atomic=\"true\"><\/p> <ul><\/ul><\/div>\n<form action=\"\/en\/wp-json\/wp\/v2\/pages\/1326#wpcf7-f4437-o1\" method=\"post\" class=\"wpcf7-form init\" aria-label=\"Contact form\" novalidate=\"novalidate\" data-status=\"init\" data-no-translation-aria-label=\"\" data-trp-original-action=\"\/en\/wp-json\/wp\/v2\/pages\/1326#wpcf7-f4437-o1\">\n<fieldset class=\"hidden-fields-container\"><input type=\"hidden\" name=\"_wpcf7\" value=\"4437\" \/><input type=\"hidden\" name=\"_wpcf7_version\" value=\"6.1\" \/><input type=\"hidden\" name=\"_wpcf7_locale\" value=\"en_US\" \/><input type=\"hidden\" name=\"_wpcf7_unit_tag\" value=\"wpcf7-f4437-o1\" \/><input type=\"hidden\" name=\"_wpcf7_container_post\" value=\"0\" \/><input type=\"hidden\" name=\"_wpcf7_posted_data_hash\" value=\"\" \/>\n<\/fieldset>\n<div class=\"cf7-style-1\">\n\t<div class=\"name-wrap\">\n\t\t<p><span class=\"wpcf7-form-control-wrap\" data-name=\"your-name\"><input size=\"40\" maxlength=\"400\" class=\"wpcf7-form-control wpcf7-text wpcf7-validates-as-required\" aria-required=\"true\" aria-invalid=\"false\" placeholder=\"Nombre\" value=\"\" type=\"text\" name=\"your-name\" \/><\/span>\n\t\t<\/p>\n\t<\/div>\n\t<div class=\"email-wrap\">\n\t\t<p><span class=\"wpcf7-form-control-wrap\" data-name=\"your-email\"><input size=\"40\" maxlength=\"400\" class=\"wpcf7-form-control wpcf7-email wpcf7-validates-as-required wpcf7-text wpcf7-validates-as-email\" aria-required=\"true\" aria-invalid=\"false\" placeholder=\"Email\" value=\"\" type=\"email\" name=\"your-email\" \/><\/span>\n\t\t<\/p>\n\t<\/div>\n\t<div class=\"message-wrap\">\n\t\t<p><span class=\"wpcf7-form-control-wrap\" data-name=\"your-message\"><textarea cols=\"40\" rows=\"10\" maxlength=\"2000\" class=\"wpcf7-form-control wpcf7-textarea\" aria-invalid=\"false\" placeholder=\"Message\" name=\"your-message\"><\/textarea><\/span>\n\t\t<\/p>\n\t<\/div>\n\t<div class=\"submit-wrap\">\n\t\t<p><span><input class=\"wpcf7-form-control wpcf7-submit has-spinner\" type=\"submit\" value=\"SUBMIT\" \/><\/span>\n\t\t<\/p>\n\t<\/div>\n<\/div><div class=\"wpcf7-response-output\" aria-hidden=\"true\"><\/div>\n<input type=\"hidden\" name=\"trp-form-language\" value=\"en\"\/><\/form>\n<\/div>\n\r\n\t\t<\/div>\r\n\t<\/div><\/div><\/div><\/div><\/div><\/div><\/div>\r\n\t<div class=\"bauer-spacer clearfix\" data-desktop=\"100\" data-mobi=\"60\" data-smobi=\"60\"><\/div><\/div><\/div><\/div><\/div><\/div><\/section><\/div>","protected":false},"excerpt":{"rendered":"LE DAMOS FORMA A SUS IDEAS PENSANDO EN LA SEGURIDAD Ofrecemos asesor\u00edas e inspecciones en el mundo de la prevenci\u00f3n de incendios Asesoramos, dise\u00f1amos e implementamos productos para la industria y los distintos sectores empresariales. Compromiso Ofrecer la asesor\u00eda y el respaldo a su proyecto Leer M\u00e1s Profesionalismo Nos ajustamos","protected":false},"author":2,"featured_media":9506,"parent":0,"menu_order":0,"comment_status":"closed","ping_status":"closed","template":"","meta":{"_joinchat":[],"footnotes":""},"yst_prominent_words":[],"class_list":["post-1326","page","type-page","status-publish","has-post-thumbnail","hentry"],"yoast_head":"<!-- This site is optimized with the Yoast SEO Premium plugin v14.4.1 - https:\/\/yoast.com\/wordpress\/plugins\/seo\/ -->\n<title>Servicios - sprinkmath<\/title>\n<meta name=\"robots\" content=\"index, follow\" \/>\n<meta name=\"googlebot\" content=\"index, follow, max-snippet:-1, max-image-preview:large, max-video-preview:-1\" \/>\n<meta name=\"bingbot\" content=\"index, follow, max-snippet:-1, max-image-preview:large, max-video-preview:-1\" \/>\n<link rel=\"canonical\" href=\"https:\/\/sprinkmath.com\/en\/servicios\/\" \/>\n<meta property=\"og:locale\" content=\"en_US\" \/>\n<meta property=\"og:type\" content=\"article\" \/>\n<meta property=\"og:title\" content=\"Servicios - sprinkmath\" \/>\n<meta property=\"og:url\" content=\"https:\/\/sprinkmath.com\/en\/servicios\/\" \/>\n<meta property=\"og:site_name\" content=\"sprinkmath\" \/>\n<meta property=\"article:modified_time\" content=\"2021-12-09T21:06:59+00:00\" \/>\n<meta name=\"twitter:card\" content=\"summary_large_image\" \/>\n<script type=\"application\/ld+json\" class=\"yoast-schema-graph\">{\"@context\":\"https:\/\/schema.org\",\"@graph\":[{\"@type\":\"WebSite\",\"@id\":\"https:\/\/sprinkmath.com\/en\/#website\",\"url\":\"https:\/\/sprinkmath.com\/en\/\",\"name\":\"sprinkmath\",\"description\":\"Ingenier\\u00eda de prevenci\\u00f3n\",\"potentialAction\":[{\"@type\":\"SearchAction\",\"target\":\"https:\/\/sprinkmath.com\/en\/?s={search_term_string}\",\"query-input\":\"required name=search_term_string\"}],\"inLanguage\":\"en-US\"},{\"@type\":\"ImageObject\",\"@id\":\"https:\/\/sprinkmath.com\/servicios\/#primaryimage\",\"inLanguage\":\"en-US\",\"url\":\"https:\/\/sprinkmath.com\/wp-content\/uploads\/2021\/12\/prevencion-de-incendios.jpg\",\"width\":640,\"height\":420},{\"@type\":\"WebPage\",\"@id\":\"https:\/\/sprinkmath.com\/servicios\/#webpage\",\"url\":\"https:\/\/sprinkmath.com\/servicios\/\",\"name\":\"Servicios - sprinkmath\",\"isPartOf\":{\"@id\":\"https:\/\/sprinkmath.com\/en\/#website\"},\"primaryImageOfPage\":{\"@id\":\"https:\/\/sprinkmath.com\/servicios\/#primaryimage\"},\"datePublished\":\"2017-10-16T13:06:09+00:00\",\"dateModified\":\"2021-12-09T21:06:59+00:00\",\"inLanguage\":\"en-US\",\"potentialAction\":[{\"@type\":\"ReadAction\",\"target\":[\"https:\/\/sprinkmath.com\/servicios\/\"]}]}]}<\/script>\n<!-- \/ Yoast SEO Premium plugin. -->","_links":{"self":[{"href":"https:\/\/sprinkmath.com\/en\/wp-json\/wp\/v2\/pages\/1326","targetHints":{"allow":["GET"]}}],"collection":[{"href":"https:\/\/sprinkmath.com\/en\/wp-json\/wp\/v2\/pages"}],"about":[{"href":"https:\/\/sprinkmath.com\/en\/wp-json\/wp\/v2\/types\/page"}],"author":[{"embeddable":true,"href":"https:\/\/sprinkmath.com\/en\/wp-json\/wp\/v2\/users\/2"}],"replies":[{"embeddable":true,"href":"https:\/\/sprinkmath.com\/en\/wp-json\/wp\/v2\/comments?post=1326"}],"version-history":[{"count":24,"href":"https:\/\/sprinkmath.com\/en\/wp-json\/wp\/v2\/pages\/1326\/revisions"}],"predecessor-version":[{"id":9521,"href":"https:\/\/sprinkmath.com\/en\/wp-json\/wp\/v2\/pages\/1326\/revisions\/9521"}],"wp:featuredmedia":[{"embeddable":true,"href":"https:\/\/sprinkmath.com\/en\/wp-json\/wp\/v2\/media\/9506"}],"wp:attachment":[{"href":"https:\/\/sprinkmath.com\/en\/wp-json\/wp\/v2\/media?parent=1326"}],"wp:term":[{"taxonomy":"yst_prominent_words","embeddable":true,"href":"https:\/\/sprinkmath.com\/en\/wp-json\/wp\/v2\/yst_prominent_words?post=1326"}],"curies":[{"name":"wp","href":"https:\/\/api.w.org\/{rel}","templated":true}]}}