{"id":10077,"date":"2026-02-21T17:53:51","date_gmt":"2026-02-21T17:53:51","guid":{"rendered":"https:\/\/sprinkmath.com\/?page_id=10077"},"modified":"2026-02-22T15:02:55","modified_gmt":"2026-02-22T15:02:55","slug":"auditoria-profesional-pci","status":"publish","type":"page","link":"https:\/\/sprinkmath.com\/en\/auditoria-profesional-pci\/","title":{"rendered":"Auditor\u00eda Profesional PCI"},"content":{"rendered":"<div class=\"vc-custom-col-spacing clearfix vc-col-spacing-30\"><section class=\"wpb_row vc_row-fluid vc_custom_1771693472169 row-content-position-Default\"><div class=\"bauer-container\"><div class=\"row-inner clearfix\"><div class=\"wpb_column vc_column_container vc_col-sm-12\"><div class=\"vc_column-inner\"><div class=\"wpb_wrapper\">\n\t<div class=\"wpb_text_column wpb_content_element\" >\n\t\t<div class=\"wpb_wrapper\">\n\t\t\t<h1>Auditor\u00eda Profesional de Protecci\u00f3n Contra Incendios (PCI)<\/h1>\n\n\t\t<\/div>\n\t<\/div>\n<div class=\"button-wrap icon-right\" style=\"\" ><a href=\"https:\/\/wa.me\/34656493016\" target=\"_blank\" class=\"bauer-button btn-1265945752 small icon_style_1 custom outline solid custom\" style=\"padding:10x;border-radius:10px;border-width:1px;\"  data-background=\"#f48938\" data-border=\"\" data-text=\"#ffffff\">\r\n\t\t<span style=\"\">\ud83d\udc49 Agenda tu reuni\u00f3n gratuita <\/span>\r\n\t<\/a><\/div>\n\t<div class=\"wpb_text_column wpb_content_element  vc_custom_1771694863461\" >\n\t\t<div class=\"wpb_wrapper\">\n\t\t\t<p><strong><em>Optimizaci\u00f3n, cumplimiento normativo y revisi\u00f3n t\u00e9cnica avanzada para proyectos de Industria, Miner\u00eda y Oil &amp; Gas.<\/em><\/strong><\/p>\n\n\t\t<\/div>\n\t<\/div>\n<\/div><\/div><\/div><\/div><\/div><\/section><\/div><div class=\"vc-custom-col-spacing clearfix vc-col-spacing-30\"><section class=\"wpb_row vc_row-fluid vc_custom_1771693539335 row-content-position-Default\"><div class=\"bauer-container\"><div class=\"row-inner clearfix\"><div class=\"wpb_column vc_column_container vc_col-sm-12\"><div class=\"vc_column-inner\"><div class=\"wpb_wrapper\">\n\t<div class=\"wpb_text_column wpb_content_element\" >\n\t\t<div class=\"wpb_wrapper\">\n\t\t\t<h3>\u00bfTu proyecto podr\u00eda estar perdiendo dinero o arriesgando cumplimiento en su dise\u00f1o PCI?<\/h3>\n<div>\n<p>En proyectos industriales, mineros o de oil &amp; gas, los errores en dise\u00f1os de protecci\u00f3n contra incendios pueden generar:<\/p>\n<ul>\n<li>Sobredimensionamientos que inflan el CAPEX<\/li>\n<li>Riesgos cr\u00edticos no identificados<\/li>\n<li>Retrasos por incumplimientos NFPA\/FM<\/li>\n<li>Reprocesos costosos<\/li>\n<li>Observaciones que detienen la obra<\/li>\n<li>Rechazos de aseguradoras<\/li>\n<\/ul>\n<p>La mayor\u00eda de estos problemas pueden evitarse con una auditor\u00eda t\u00e9cnica profesional.<\/p>\n<\/div>\n\n\t\t<\/div>\n\t<\/div>\n<\/div><\/div><\/div><\/div><\/div><\/section><\/div><div class=\"vc-custom-col-spacing clearfix vc-col-spacing-30\"><section class=\"wpb_row vc_row-fluid vc_custom_1771693577484 row-content-position-Default\"><div class=\"bauer-container\"><div class=\"row-inner clearfix\"><div class=\"wpb_column vc_column_container vc_col-sm-12\"><div class=\"vc_column-inner\"><div class=\"wpb_wrapper\">\n\t<div class=\"wpb_text_column wpb_content_element\" >\n\t\t<div class=\"wpb_wrapper\">\n\t\t\t<h3>Qu\u00e9 incluye la auditor\u00eda?<\/h3>\n<div>\n<h5>\u2714 Revisi\u00f3n t\u00e9cnica avanzada<\/h5>\n<ul>\n<li>Planos PCI<\/li>\n<li>C\u00e1lculos hidr\u00e1ulicos<\/li>\n<li>Filosof\u00edas de dise\u00f1o<\/li>\n<li>Matrices causa\u2013efecto<\/li>\n<li>Fireproofing schedule<\/li>\n<li>Listado de equipos peligrosos<\/li>\n<li>Modelos 3D de salas de bombas<\/li>\n<li>Memorias t\u00e9cnicas<\/li>\n<\/ul>\n<h5>\u2714 Optimizaci\u00f3n de CAPEX y OPEX<\/h5>\n<p>Reducci\u00f3n del <strong>5% al 15%<\/strong> del coste del sistema PCI mediante:<\/p>\n<ul>\n<li>detecci\u00f3n de sobredimensionamientos<\/li>\n<li>ajustes t\u00e9cnicos eficientes<\/li>\n<li>selecci\u00f3n adecuada de equipos<\/li>\n<\/ul>\n<h5>\u2714 Cumplimiento normativo<\/h5>\n<ul>\n<li>NFPA<\/li>\n<li>FM Global<\/li>\n<li>Autoridades locales<\/li>\n<li>Est\u00e1ndares de miner\u00eda y oil &amp; gas<\/li>\n<\/ul>\n<h5>\u2714 Informe t\u00e9cnico profesional<\/h5>\n<p>Incluye:<\/p>\n<ul>\n<li>fallas detectadas<\/li>\n<li>riesgos<\/li>\n<li>mejoras<\/li>\n<li>recomendaciones accionables<\/li>\n<\/ul>\n<h5>\u2714 Reuni\u00f3n ejecutiva<\/h5>\n<p>Sesi\u00f3n de 60\u201390 minutos con el equipo del proyecto.<\/p>\n<h5>\u2714 Acompa\u00f1amiento opcional (versi\u00f3n premium)<\/h5>\n<p>30 d\u00edas de soporte t\u00e9cnico y revisi\u00f3n de correcciones.<\/p>\n<\/div>\n\n\t\t<\/div>\n\t<\/div>\n<\/div><\/div><\/div><\/div><\/div><\/section><\/div><div class=\"vc-custom-col-spacing clearfix vc-col-spacing-30\"><section class=\"wpb_row vc_row-fluid vc_custom_1771693649284 row-content-position-Default\"><div class=\"bauer-container\"><div class=\"row-inner clearfix\"><div class=\"wpb_column vc_column_container vc_col-sm-12\"><div class=\"vc_column-inner\"><div class=\"wpb_wrapper\">\n\t<div class=\"wpb_text_column wpb_content_element\" >\n\t\t<div class=\"wpb_wrapper\">\n\t\t\t<h3>\u00bfPor qu\u00e9 trabajar conmigo?<\/h3>\n<div>\n<h5>Experiencia real en sectores de alta exigencia<\/h5>\n<ul>\n<li>14 a\u00f1os de experiencia en Protecci\u00f3n Contra Incendios.<\/li>\n<li>Experiencia directa en <strong>miner\u00eda (Chile)<\/strong>.<\/li>\n<li>Experiencia en <strong>Oil &amp; Gas<\/strong>, un sector con est\u00e1ndares exigentes.<\/li>\n<li>Especializaci\u00f3n en proyectos industriales complejos.<\/li>\n<li>Creador de <strong>Sprinkmath<\/strong>, plataforma educativa en YouTube, referente en PCI.<\/li>\n<li>Documentaci\u00f3n t\u00e9cnica clara, precisa y profesional.<\/li>\n<li>Enfoque pr\u00e1ctico, normativo y orientado a resultados.<\/li>\n<\/ul>\n<p>En proyectos cr\u00edticos, la experiencia importa.<\/p>\n<\/div>\n\n\t\t<\/div>\n\t<\/div>\n<\/div><\/div><\/div><\/div><\/div><\/section><\/div><div class=\"vc-custom-col-spacing clearfix vc-col-spacing-30\"><section class=\"wpb_row vc_row-fluid vc_custom_1771693698070 row-content-position-Default\"><div class=\"bauer-container\"><div class=\"row-inner clearfix\"><div class=\"wpb_column vc_column_container vc_col-sm-12\"><div class=\"vc_column-inner\"><div class=\"wpb_wrapper\">\n\t<div class=\"wpb_text_column wpb_content_element\" >\n\t\t<div class=\"wpb_wrapper\">\n\t\t\t<h3>Beneficios para tu empresa<\/h3>\n<div>\n<h5>\u2714 Ahorro inmediato<\/h5>\n<p>Reducci\u00f3n de CAPEX\/OPEX que puede representar miles o incluso cientos de miles de euros.<\/p>\n<h5>\u2714 Evitas reprocesos<\/h5>\n<p>Un error detectado a tiempo evita retrasos, sanciones y trabajo adicional.<\/p>\n<h5>\u2714 Mayor cumplimiento normativo<\/h5>\n<p>Evita rechazos de autoridades, aseguradoras y empresas auditoras.<\/p>\n<h5>\u2714 Seguridad real<\/h5>\n<p>Reduces riesgos cr\u00edticos y aseguras una protecci\u00f3n efectiva del activo.<\/p>\n<h5>\u2714 Decisiones confiables<\/h5>\n<p>Tu equipo contar\u00e1 con un diagn\u00f3stico claro, t\u00e9cnico y accionable.<\/p>\n<\/div>\n\n\t\t<\/div>\n\t<\/div>\n<\/div><\/div><\/div><\/div><\/div><\/section><\/div><div class=\"vc-custom-col-spacing clearfix vc-col-spacing-30\"><section class=\"wpb_row vc_row-fluid vc_custom_1771693730088 row-content-position-Default\"><div class=\"bauer-container\"><div class=\"row-inner clearfix\"><div class=\"wpb_column vc_column_container vc_col-sm-12\"><div class=\"vc_column-inner\"><div class=\"wpb_wrapper\">\n\t<div class=\"wpb_text_column wpb_content_element\" >\n\t\t<div class=\"wpb_wrapper\">\n\t\t\t<h3>\u00bfPara qui\u00e9n es este servicio?<\/h3>\n<div>\n<p>Este servicio est\u00e1 dise\u00f1ado para:<\/p>\n<ul>\n<li>Empresas industriales<\/li>\n<li>Proyectos de miner\u00eda<\/li>\n<li>Instalaciones de oil &amp; gas<\/li>\n<li>Empresas de ingenier\u00eda<\/li>\n<li>Constructoras<\/li>\n<li>Consultoras t\u00e9cnicas<\/li>\n<li>Aseguradoras<\/li>\n<li>Fabricantes y proveedores de equipos PCI<\/li>\n<\/ul>\n<p>Si tu proyecto requiere PCI confiable, eficiente y conforme a normativas, esta auditor\u00eda es para ti.<\/p>\n<\/div>\n\n\t\t<\/div>\n\t<\/div>\n<\/div><\/div><\/div><\/div><\/div><\/section><\/div><div class=\"vc-custom-col-spacing clearfix vc-col-spacing-30\"><section class=\"wpb_row vc_row-fluid row-content-position-Default\"><div class=\"bauer-container\"><div class=\"row-inner clearfix\"><div class=\"wpb_column vc_column_container vc_col-sm-12\"><div class=\"vc_column-inner\"><div class=\"wpb_wrapper\">\n\t<div class=\"wpb_text_column wpb_content_element\" >\n\t\t<div class=\"wpb_wrapper\">\n\t\t\t<h3>Modalidades y precios<\/h3>\n<h4>\ud83d\udfe9 Auditor\u00eda LITE \u2014 <strong>1.200 \u20ac<\/strong><\/h4>\n<p>Revisi\u00f3n de un plano o documento PCI + observaciones t\u00e9cnicas en un informe breve.<\/p>\n<hr \/>\n<h4>\ud83d\udfe8 Auditor\u00eda FULL \u2014 <strong>3.500 \u20ac<\/strong><\/h4>\n<p>Revisi\u00f3n completa del dise\u00f1o PCI, optimizaci\u00f3n, informe t\u00e9cnico detallado y reuni\u00f3n ejecutiva.<\/p>\n<hr \/>\n<h4>\ud83d\udfe5 Auditor\u00eda PREMIUM \u2014 <strong>7.500 \u20ac<\/strong><\/h4>\n<p>Todo lo anterior + 30 d\u00edas de acompa\u00f1amiento t\u00e9cnico y revisi\u00f3n de correcciones.<\/p>\n<hr \/>\n<h4>\ud83d\udfe6 Auditor\u00eda Industrial \/ Miner\u00eda \/ Oil &amp; Gas \u2014 <strong>12.000 \u20ac<\/strong><\/h4>\n<p>Para proyectos grandes o con altos requerimientos t\u00e9cnicos.<\/p>\n\n\t\t<\/div>\n\t<\/div>\n<\/div><\/div><\/div><\/div><\/div><\/section><\/div><div class=\"vc-custom-col-spacing clearfix vc-col-spacing-30\"><section class=\"wpb_row vc_row-fluid vc_custom_1771693800193 row-content-position-Default\"><div class=\"bauer-container\"><div class=\"row-inner clearfix\"><div class=\"wpb_column vc_column_container vc_col-sm-12\"><div class=\"vc_column-inner\"><div class=\"wpb_wrapper\">\n\t<div class=\"wpb_text_column wpb_content_element\" >\n\t\t<div class=\"wpb_wrapper\">\n\t\t\t<h3>\u00bfListo para asegurar un dise\u00f1o PCI confiable, eficiente y 100% conforme?<\/h3>\n<div>\n<p>Puedo ayudarte a prevenir sobrecostes, evitar reprocesos y garantizar cumplimiento normativo antes de que surjan problemas.<\/p>\n<p>Haz clic abajo para comenzar tu auditor\u00eda PCI profesional:<\/p>\n<p>\ud83d\udc49 <strong>agenda tu reuni\u00f3n gratuita de 15 minutos<\/strong><br \/>\no<br \/>\n\ud83d\udc49 <strong>solicita tu auditor\u00eda completa<\/strong><\/p>\n<\/div>\n\n\t\t<\/div>\n\t<\/div>\n<\/div><\/div><\/div><\/div><\/div><\/section><\/div><div class=\"vc-custom-col-spacing clearfix vc-col-spacing-30\"><section class=\"wpb_row vc_row-fluid row-content-position-Default\"><div class=\"bauer-container\"><div class=\"row-inner clearfix\"><div class=\"wpb_column vc_column_container vc_col-sm-12\"><div class=\"vc_column-inner\"><div class=\"wpb_wrapper\"><div class=\"button-wrap icon-right\" style=\"\" ><a href=\"https:\/\/wa.me\/34656493016\" target=\"_blank\" class=\"bauer-button btn-250212130 medium no_icon custom outline solid custom\" style=\"border-width:1px;\"  data-background=\"\" data-border=\"\">\r\n\t\t<span style=\"\">\ud83d\udc49 \u201cAgenda tu reuni\u00f3n gratuita\u201d <\/span>\r\n\t<\/a><\/div><\/div><\/div><\/div><\/div><\/div><\/section><\/div>","protected":false},"excerpt":{"rendered":"Auditor\u00eda Profesional de Protecci\u00f3n Contra Incendios (PCI) \ud83d\udc49 Agenda tu reuni\u00f3n gratuita Optimizaci\u00f3n, cumplimiento normativo y revisi\u00f3n t\u00e9cnica avanzada para proyectos de Industria, Miner\u00eda y Oil &amp; Gas. \u00bfTu proyecto podr\u00eda estar perdiendo dinero o arriesgando cumplimiento en su dise\u00f1o PCI? En proyectos industriales, mineros o de oil &amp; gas,","protected":false},"author":2,"featured_media":9506,"parent":0,"menu_order":0,"comment_status":"closed","ping_status":"closed","template":"","meta":{"_joinchat":[],"footnotes":""},"yst_prominent_words":[],"class_list":["post-10077","page","type-page","status-publish","has-post-thumbnail","hentry"],"yoast_head":"<!-- This site is optimized with the Yoast SEO Premium plugin v14.4.1 - https:\/\/yoast.com\/wordpress\/plugins\/seo\/ -->\n<title>Auditor\u00eda Profesional PCI - sprinkmath<\/title>\n<meta name=\"robots\" content=\"index, follow\" \/>\n<meta name=\"googlebot\" content=\"index, follow, max-snippet:-1, max-image-preview:large, max-video-preview:-1\" \/>\n<meta name=\"bingbot\" content=\"index, follow, max-snippet:-1, max-image-preview:large, max-video-preview:-1\" \/>\n<link rel=\"canonical\" href=\"https:\/\/sprinkmath.com\/en\/auditoria-profesional-pci\/\" \/>\n<meta property=\"og:locale\" content=\"en_US\" \/>\n<meta property=\"og:type\" content=\"article\" \/>\n<meta property=\"og:title\" content=\"Auditor\u00eda Profesional PCI - sprinkmath\" \/>\n<meta property=\"og:url\" content=\"https:\/\/sprinkmath.com\/en\/auditoria-profesional-pci\/\" \/>\n<meta property=\"og:site_name\" content=\"sprinkmath\" \/>\n<meta property=\"article:modified_time\" content=\"2026-02-22T15:02:55+00:00\" \/>\n<meta name=\"twitter:card\" content=\"summary_large_image\" \/>\n<script type=\"application\/ld+json\" class=\"yoast-schema-graph\">{\"@context\":\"https:\/\/schema.org\",\"@graph\":[{\"@type\":\"WebSite\",\"@id\":\"https:\/\/sprinkmath.com\/en\/#website\",\"url\":\"https:\/\/sprinkmath.com\/en\/\",\"name\":\"sprinkmath\",\"description\":\"Ingenier\\u00eda de prevenci\\u00f3n\",\"potentialAction\":[{\"@type\":\"SearchAction\",\"target\":\"https:\/\/sprinkmath.com\/en\/?s={search_term_string}\",\"query-input\":\"required name=search_term_string\"}],\"inLanguage\":\"en-US\"},{\"@type\":\"ImageObject\",\"@id\":\"https:\/\/sprinkmath.com\/auditoria-profesional-pci\/#primaryimage\",\"inLanguage\":\"en-US\",\"url\":\"https:\/\/sprinkmath.com\/wp-content\/uploads\/2021\/12\/prevencion-de-incendios.jpg\",\"width\":640,\"height\":420},{\"@type\":\"WebPage\",\"@id\":\"https:\/\/sprinkmath.com\/auditoria-profesional-pci\/#webpage\",\"url\":\"https:\/\/sprinkmath.com\/auditoria-profesional-pci\/\",\"name\":\"Auditor\\u00eda Profesional PCI - sprinkmath\",\"isPartOf\":{\"@id\":\"https:\/\/sprinkmath.com\/en\/#website\"},\"primaryImageOfPage\":{\"@id\":\"https:\/\/sprinkmath.com\/auditoria-profesional-pci\/#primaryimage\"},\"datePublished\":\"2026-02-21T17:53:51+00:00\",\"dateModified\":\"2026-02-22T15:02:55+00:00\",\"inLanguage\":\"en-US\",\"potentialAction\":[{\"@type\":\"ReadAction\",\"target\":[\"https:\/\/sprinkmath.com\/auditoria-profesional-pci\/\"]}]}]}<\/script>\n<!-- \/ Yoast SEO Premium plugin. -->","_links":{"self":[{"href":"https:\/\/sprinkmath.com\/en\/wp-json\/wp\/v2\/pages\/10077","targetHints":{"allow":["GET"]}}],"collection":[{"href":"https:\/\/sprinkmath.com\/en\/wp-json\/wp\/v2\/pages"}],"about":[{"href":"https:\/\/sprinkmath.com\/en\/wp-json\/wp\/v2\/types\/page"}],"author":[{"embeddable":true,"href":"https:\/\/sprinkmath.com\/en\/wp-json\/wp\/v2\/users\/2"}],"replies":[{"embeddable":true,"href":"https:\/\/sprinkmath.com\/en\/wp-json\/wp\/v2\/comments?post=10077"}],"version-history":[{"count":39,"href":"https:\/\/sprinkmath.com\/en\/wp-json\/wp\/v2\/pages\/10077\/revisions"}],"predecessor-version":[{"id":10118,"href":"https:\/\/sprinkmath.com\/en\/wp-json\/wp\/v2\/pages\/10077\/revisions\/10118"}],"wp:featuredmedia":[{"embeddable":true,"href":"https:\/\/sprinkmath.com\/en\/wp-json\/wp\/v2\/media\/9506"}],"wp:attachment":[{"href":"https:\/\/sprinkmath.com\/en\/wp-json\/wp\/v2\/media?parent=10077"}],"wp:term":[{"taxonomy":"yst_prominent_words","embeddable":true,"href":"https:\/\/sprinkmath.com\/en\/wp-json\/wp\/v2\/yst_prominent_words?post=10077"}],"curies":[{"name":"wp","href":"https:\/\/api.w.org\/{rel}","templated":true}]}}